{"id":49,"date":"2023-09-04T11:56:03","date_gmt":"2023-09-04T11:56:03","guid":{"rendered":"https:\/\/www.alfakan.pl\/?page_id=49"},"modified":"2025-09-07T21:23:59","modified_gmt":"2025-09-07T21:23:59","slug":"cennik","status":"publish","type":"page","link":"https:\/\/www.alfakan.pl\/?page_id=49","title":{"rendered":"Cennik"},"content":{"rendered":"\n<p>Przygotowanie do matury &#8211; lekcja indywidualna (wraz z popraw\u0105 i om\u00f3wieniem prac pisemnych), 60 minut &#8211; 120-140 z\u0142<\/p>\n\n\n\n<p>Zaj\u0119cia grupowe &#8211; online 60 z\u0142 \/ 90 min; stacjonarne w Wadowicach 70 z\u0142 \/ 90 min<\/p>\n\n\n\n<p>Dla uczestnik\u00f3w, kt\u00f3rzy op\u0142ac\u0105 dwa miesi\u0105ce zaj\u0119\u0107 z g\u00f3ry &#8211;  pakiet 3 ksi\u0105\u017cek wyd. Demart GRATIS<\/p>\n\n\n\n<div class=\"wp-block-columns is-layout-flex wp-container-core-columns-is-layout-28f84493 wp-block-columns-is-layout-flex\">\n<div class=\"wp-block-column is-layout-flow wp-block-column-is-layout-flow\">\n<figure class=\"wp-block-image size-full\"><img loading=\"lazy\" decoding=\"async\" width=\"720\" height=\"1000\" src=\"https:\/\/www.alfakan.pl\/wp-content\/uploads\/2024\/01\/repetytorium-z-polskiego-dla-maturzystow-poziom-podstawowy-.png\" alt=\"\" class=\"wp-image-179\" srcset=\"https:\/\/www.alfakan.pl\/wp-content\/uploads\/2024\/01\/repetytorium-z-polskiego-dla-maturzystow-poziom-podstawowy-.png 720w, https:\/\/www.alfakan.pl\/wp-content\/uploads\/2024\/01\/repetytorium-z-polskiego-dla-maturzystow-poziom-podstawowy--216x300.png 216w\" sizes=\"auto, (max-width: 720px) 100vw, 720px\" \/><\/figure>\n<\/div>\n\n\n\n<div class=\"wp-block-column is-layout-flow wp-block-column-is-layout-flow\">\n<figure class=\"wp-block-image size-full\"><img loading=\"lazy\" decoding=\"async\" width=\"720\" height=\"1000\" src=\"https:\/\/www.alfakan.pl\/wp-content\/uploads\/2024\/01\/zadania-z-polskiego-matura-poziom-podstawowy.png\" alt=\"\" class=\"wp-image-170\" srcset=\"https:\/\/www.alfakan.pl\/wp-content\/uploads\/2024\/01\/zadania-z-polskiego-matura-poziom-podstawowy.png 720w, https:\/\/www.alfakan.pl\/wp-content\/uploads\/2024\/01\/zadania-z-polskiego-matura-poziom-podstawowy-216x300.png 216w\" sizes=\"auto, (max-width: 720px) 100vw, 720px\" \/><\/figure>\n<\/div>\n\n\n\n<div class=\"wp-block-column is-layout-flow wp-block-column-is-layout-flow\">\n<figure class=\"wp-block-image size-full\"><img loading=\"lazy\" decoding=\"async\" width=\"278\" height=\"374\" src=\"https:\/\/www.alfakan.pl\/wp-content\/uploads\/2025\/09\/matura-nowa.png\" alt=\"\" class=\"wp-image-245\" srcset=\"https:\/\/www.alfakan.pl\/wp-content\/uploads\/2025\/09\/matura-nowa.png 278w, https:\/\/www.alfakan.pl\/wp-content\/uploads\/2025\/09\/matura-nowa-223x300.png 223w\" sizes=\"auto, (max-width: 278px) 100vw, 278px\" \/><\/figure>\n<\/div>\n<\/div>\n\n\n\n<p>Poprawa, ocena i informacja zwrotna pracy pisemnej &#8211; 100 z\u0142<\/p>\n\n\n\n<p><\/p>\n\n\n\n<p><\/p>\n","protected":false},"excerpt":{"rendered":"<p>Przygotowanie do matury &#8211; lekcja indywidualna (wraz z popraw\u0105 i om\u00f3wieniem prac pisemnych), 60 minut [&hellip;]<\/p>\n","protected":false},"author":1,"featured_media":0,"parent":0,"menu_order":0,"comment_status":"closed","ping_status":"closed","template":"","meta":{"footnotes":""},"class_list":["post-49","page","type-page","status-publish","hentry"],"_links":{"self":[{"href":"https:\/\/www.alfakan.pl\/index.php?rest_route=\/wp\/v2\/pages\/49","targetHints":{"allow":["GET"]}}],"collection":[{"href":"https:\/\/www.alfakan.pl\/index.php?rest_route=\/wp\/v2\/pages"}],"about":[{"href":"https:\/\/www.alfakan.pl\/index.php?rest_route=\/wp\/v2\/types\/page"}],"author":[{"embeddable":true,"href":"https:\/\/www.alfakan.pl\/index.php?rest_route=\/wp\/v2\/users\/1"}],"replies":[{"embeddable":true,"href":"https:\/\/www.alfakan.pl\/index.php?rest_route=%2Fwp%2Fv2%2Fcomments&post=49"}],"version-history":[{"count":5,"href":"https:\/\/www.alfakan.pl\/index.php?rest_route=\/wp\/v2\/pages\/49\/revisions"}],"predecessor-version":[{"id":255,"href":"https:\/\/www.alfakan.pl\/index.php?rest_route=\/wp\/v2\/pages\/49\/revisions\/255"}],"wp:attachment":[{"href":"https:\/\/www.alfakan.pl\/index.php?rest_route=%2Fwp%2Fv2%2Fmedia&parent=49"}],"curies":[{"name":"wp","href":"https:\/\/api.w.org\/{rel}","templated":true}]}}