{"id":264,"date":"2025-09-07T23:56:08","date_gmt":"2025-09-07T21:56:08","guid":{"rendered":"https:\/\/www.alfakan.pl\/?page_id=264"},"modified":"2025-09-07T23:58:41","modified_gmt":"2025-09-07T21:58:41","slug":"jak-pisac-i-mowic-sztuka-argumentowania","status":"publish","type":"page","link":"https:\/\/www.alfakan.pl\/?page_id=264","title":{"rendered":"Jak pisa\u0107 i m\u00f3wi\u0107? Sztuka argumentowania"},"content":{"rendered":"\n<p><img loading=\"lazy\" decoding=\"async\" src=\"https:\/\/demart.com.pl\/2052-medium_default\/matura-jezyk-polski-jak-pisac-i-mowic-sztuka-argumentowania-przedsprzedaz.jpg\" alt=\"MATURA. J\u0119zyk polski. JAK PISA\u0106 I M\u00d3WI\u0106? Sztuka argumentowania.\" width=\"452\" height=\"582\"><\/p>\n\n\n\n<h1 class=\"wp-block-heading\"><\/h1>\n\n\n\n<p>Ksi\u0105\u017cka dla maturzyst\u00f3w ma pom\u00f3c w samodzielnym zaplanowaniu wypowiedzi argumentacyjnych,<br>kt\u00f3re pojawiaj\u0105 si\u0119 na maturze a\u017c dwukrotnie. Najpierw jest to wypracowanie, a potem wypowied\u017a ustna zwi\u0105zana z dwoma zadaniami.&nbsp;<br>By poradzi\u0107 sobie z wypracowaniem, autorki proponuj\u0105 pewien schemat post\u0119powania,<br>kt\u00f3ry opr\u00f3cz teorii zawiera te\u017c praktyczne zadania (z odpowiedziami).<br>Sk\u0142adaj\u0105 si\u0119 na niego:- analiza tematu i plan wypowiedzi;<br>&#8211; pisanie wst\u0119pu;<br>&#8211; wprowadzanie funkcjonalnych argument\u00f3w i ich odr\u00f3\u017cnianie od przyk\u0142ad\u00f3w;<br>&#8211; wzmacnianie argument\u00f3w przyk\u0142adami literackimi (z zestawu lektur) oraz uwypuklanie kontekstu;<br>&#8211; pisanie zako\u0144czenia;<\/p>\n\n\n\n<p>Te dzia\u0142ania autorki podsumowuj\u0105 rozdzia\u0142em o kompozycji, uwzgl\u0119dniaj\u0105cym opr\u00f3cz struktury, tak\u017ce sp\u00f3jno\u015b\u0107 wypowiedzi.<br>Podobny \u2013 cho\u0107 uproszczony ze wzgl\u0119du na charakter i kr\u00f3tki czas przygotowa\u0144 \u2013 schemat,<br>autorki proponuj\u0105 do wypowiedzi na maturze ustnej.<br>Poniewa\u017c zar\u00f3wno w wypracowaniu, jak i na maturze ustnej,<br>trzeba si\u0119 pos\u0142ugiwa\u0107 wskazanymi w li\u015bcie lektur obowi\u0105zkowych przyk\u0142adami, w publikacji zosta\u0142y one pokr\u00f3tce om\u00f3wione.<br>Przydatne, zw\u0142aszcza do pisania wypracowania, mog\u0105 si\u0119 okaza\u0107 tak\u017ce informacje o najcz\u0119\u015bciej pope\u0142nianych b\u0142\u0119dach j\u0119zykowych<br>oraz przypomnienie poprawnych form zapisu z zakresu ortografii i interpunkcji. Mniej b\u0142\u0119d\u00f3w oznacza uzyskanie wy\u017cszej punktacji!\u00a0<br>Wiele autorskich rad dotyczy unikania stresu i straty czasu w ramach przygotowania do m\u00f3wienia i pisania.<br>S\u0105 one poparte przyk\u0142adami temat\u00f3w i zada\u0144 ustnych, kt\u00f3re wyst\u0119powa\u0142y na egzaminach maturalnych<br>oraz om\u00f3wieniem prac uczniowskich na tematy zaproponowane przez same autorki.<\/p>\n\n\n\n<p><br>Najwa\u017cniejsze wnioski, kt\u00f3re p\u0142yn\u0105 z tej publikacji s\u0105 takie:<br>1.\u00a0 \u00a0 Wypracowania i odpowiedzi ustne nie musz\u0105 by\u0107 idealne, \u017ceby uzyska\u0107 dobry wynik na maturze. Musz\u0105 natomiast zawiera\u0107 wszelkie wymagane elementy formalne, by\u0107 sp\u00f3jne oraz wolne od b\u0142\u0119d\u00f3w rzeczowych.\u00a0<\/p>\n\n\n\n<p>2.\u00a0 \u00a0 Odpowiednie przygotowanie, zar\u00f3wno w ramach powt\u00f3rze\u0144 samodzielnych i szkole, lecz tak\u017ce tu\u017c przed egzaminem powinno zredukowa\u0107 stres na tyle, \u017ce wypowied\u017a argumentacyjna b\u0119dzie dobrze przygotowana.<\/p>\n\n\n\n<p>3.\u00a0 \u00a0 Warto sprawdzi\u0107 czy napisane wypracowanie oraz kr\u00f3tki plan wypowiedzi ustnej zawiera wszystkie wymagane elementy (dotyczy to tak\u017ce d\u0142ugo\u015bci wpracowania oraz czasu na wyst\u0105pienie).\u00a0<\/p>\n","protected":false},"excerpt":{"rendered":"<p>Ksi\u0105\u017cka dla maturzyst\u00f3w ma pom\u00f3c w samodzielnym zaplanowaniu wypowiedzi argumentacyjnych,kt\u00f3re pojawiaj\u0105 si\u0119 na maturze a\u017c [&hellip;]<\/p>\n","protected":false},"author":1,"featured_media":0,"parent":0,"menu_order":0,"comment_status":"closed","ping_status":"closed","template":"","meta":{"footnotes":""},"class_list":["post-264","page","type-page","status-publish","hentry"],"_links":{"self":[{"href":"https:\/\/www.alfakan.pl\/index.php?rest_route=\/wp\/v2\/pages\/264","targetHints":{"allow":["GET"]}}],"collection":[{"href":"https:\/\/www.alfakan.pl\/index.php?rest_route=\/wp\/v2\/pages"}],"about":[{"href":"https:\/\/www.alfakan.pl\/index.php?rest_route=\/wp\/v2\/types\/page"}],"author":[{"embeddable":true,"href":"https:\/\/www.alfakan.pl\/index.php?rest_route=\/wp\/v2\/users\/1"}],"replies":[{"embeddable":true,"href":"https:\/\/www.alfakan.pl\/index.php?rest_route=%2Fwp%2Fv2%2Fcomments&post=264"}],"version-history":[{"count":2,"href":"https:\/\/www.alfakan.pl\/index.php?rest_route=\/wp\/v2\/pages\/264\/revisions"}],"predecessor-version":[{"id":267,"href":"https:\/\/www.alfakan.pl\/index.php?rest_route=\/wp\/v2\/pages\/264\/revisions\/267"}],"wp:attachment":[{"href":"https:\/\/www.alfakan.pl\/index.php?rest_route=%2Fwp%2Fv2%2Fmedia&parent=264"}],"curies":[{"name":"wp","href":"https:\/\/api.w.org\/{rel}","templated":true}]}}