{"id":237,"date":"2025-09-04T22:01:18","date_gmt":"2025-09-04T22:01:18","guid":{"rendered":"https:\/\/www.alfakan.pl\/?page_id=237"},"modified":"2025-09-04T22:49:17","modified_gmt":"2025-09-04T22:49:17","slug":"maturus","status":"publish","type":"page","link":"https:\/\/www.alfakan.pl\/?page_id=237","title":{"rendered":"Maturus"},"content":{"rendered":"\n<figure class=\"wp-block-image size-full\"><img loading=\"lazy\" decoding=\"async\" width=\"965\" height=\"191\" src=\"https:\/\/www.alfakan.pl\/wp-content\/uploads\/2025\/09\/maturus-logo-male.png\" alt=\"\" class=\"wp-image-240\" srcset=\"https:\/\/www.alfakan.pl\/wp-content\/uploads\/2025\/09\/maturus-logo-male.png 965w, https:\/\/www.alfakan.pl\/wp-content\/uploads\/2025\/09\/maturus-logo-male-300x59.png 300w, https:\/\/www.alfakan.pl\/wp-content\/uploads\/2025\/09\/maturus-logo-male-768x152.png 768w\" sizes=\"auto, (max-width: 965px) 100vw, 965px\" \/><\/figure>\n\n\n\n<p><strong>Maturus &#8211; kurs przygotowuj\u0105cy do matury z j\u0119zyka polskiego, poziom podstawowy<\/strong><\/p>\n\n\n\n<div class=\"wp-block-columns is-layout-flex wp-container-core-columns-is-layout-28f84493 wp-block-columns-is-layout-flex\">\n<div class=\"wp-block-column is-layout-flow wp-block-column-is-layout-flow\">\n<p>ONLINE\u2728\ud83d\udcda<\/p>\n\n\n\n<p>\ud83d\udd39 Start: <strong>1 pa\u017adziernika<\/strong><br>\ud83d\udd39 Zaj\u0119cia: <strong>\u015brody, 19:00\u201320:30<\/strong> (opr\u00f3cz 22.10 i 24.12)<br>\ud83d\udd39 Forma: online, na \u017cywo<\/p>\n\n\n\n<p>\ud83d\udc49 <strong>Cena:<\/strong><\/p>\n\n\n\n<ul class=\"wp-block-list\">\n<li><strong>60 z\u0142 \/ 90 minut<\/strong><\/li>\n\n\n\n<li><strong>Ca\u0142y kurs (29 spotka\u0144): 1740 z\u0142<\/strong><\/li>\n\n\n\n<li><strong>Promocja:<\/strong> p\u0142atno\u015b\u0107 z g\u00f3ry = jedno spotkanie gratis (<strong>1680 z\u0142<\/strong>)<\/li>\n<\/ul>\n<\/div>\n\n\n\n<div class=\"wp-block-column is-layout-flow wp-block-column-is-layout-flow\">\n<p>STACJONARNIE \u2728\ud83d\udcda<\/p>\n\n\n\n<p>\ud83d\udd39 Start: <strong>7 pa\u017adziernika<\/strong><br>\ud83d\udd39 Zaj\u0119cia: <strong>wtorki, 18:00\u201319:30<\/strong> (opr\u00f3cz 16.12, 6.01 i 3.02)<br>\ud83d\udd39 Forma: spotkania grupowe (do 20 os\u00f3b), Wadowickie Centrum Kultury, ul. Teatralna 1, Wadowice<\/p>\n\n\n\n<p>\ud83d\udc49 <strong>Cena:<\/strong><\/p>\n\n\n\n<ul class=\"wp-block-list\">\n<li><strong>70 z\u0142 \/ 90 minut<\/strong><\/li>\n\n\n\n<li><strong>Ca\u0142y kurs (27 spotka\u0144): 1890 z\u0142<\/strong><\/li>\n\n\n\n<li><strong>Promocja:<\/strong> p\u0142atno\u015b\u0107 z g\u00f3ry za ca\u0142o\u015b\u0107 = jedno spotkanie gratis (<strong>1820 z\u0142<\/strong>)<\/li>\n<\/ul>\n<\/div>\n<\/div>\n\n\n\n<p>\ud83d\udca1 Dodatkowy bonus:<br>Ka\u017cdy, kto op\u0142aci <strong>dwa miesi\u0105ce<\/strong> otrzymuje pakiet 3 ksi\u0105\u017cek wyd. Demart gratis<\/p>\n\n\n\n<p class=\"has-text-align-right\"><\/p>\n\n\n\n<div class=\"wp-block-columns is-layout-flex wp-container-core-columns-is-layout-28f84493 wp-block-columns-is-layout-flex\">\n<div class=\"wp-block-column is-layout-flow wp-block-column-is-layout-flow\">\n<figure class=\"wp-block-image size-full\"><img loading=\"lazy\" decoding=\"async\" width=\"720\" height=\"1000\" src=\"https:\/\/www.alfakan.pl\/wp-content\/uploads\/2024\/01\/zadania-z-polskiego-matura-poziom-podstawowy.png\" alt=\"\" class=\"wp-image-170\" srcset=\"https:\/\/www.alfakan.pl\/wp-content\/uploads\/2024\/01\/zadania-z-polskiego-matura-poziom-podstawowy.png 720w, https:\/\/www.alfakan.pl\/wp-content\/uploads\/2024\/01\/zadania-z-polskiego-matura-poziom-podstawowy-216x300.png 216w\" sizes=\"auto, (max-width: 720px) 100vw, 720px\" \/><\/figure>\n<\/div>\n\n\n\n<div class=\"wp-block-column is-layout-flow wp-block-column-is-layout-flow\">\n<figure class=\"wp-block-image size-full\"><img loading=\"lazy\" decoding=\"async\" width=\"720\" height=\"1000\" src=\"https:\/\/www.alfakan.pl\/wp-content\/uploads\/2024\/01\/repetytorium-z-polskiego-dla-maturzystow-poziom-podstawowy-.png\" alt=\"\" class=\"wp-image-179\" srcset=\"https:\/\/www.alfakan.pl\/wp-content\/uploads\/2024\/01\/repetytorium-z-polskiego-dla-maturzystow-poziom-podstawowy-.png 720w, https:\/\/www.alfakan.pl\/wp-content\/uploads\/2024\/01\/repetytorium-z-polskiego-dla-maturzystow-poziom-podstawowy--216x300.png 216w\" sizes=\"auto, (max-width: 720px) 100vw, 720px\" \/><\/figure>\n<\/div>\n\n\n\n<div class=\"wp-block-column is-layout-flow wp-block-column-is-layout-flow\">\n<div class=\"wp-block-columns is-layout-flex wp-container-core-columns-is-layout-28f84493 wp-block-columns-is-layout-flex\">\n<div class=\"wp-block-column is-layout-flow wp-block-column-is-layout-flow\" style=\"flex-basis:100%\">\n<figure class=\"wp-block-image size-full is-resized\"><img loading=\"lazy\" decoding=\"async\" width=\"278\" height=\"374\" src=\"https:\/\/www.alfakan.pl\/wp-content\/uploads\/2025\/09\/matura-nowa.png\" alt=\"\" class=\"wp-image-245\" style=\"width:253px;height:auto\" srcset=\"https:\/\/www.alfakan.pl\/wp-content\/uploads\/2025\/09\/matura-nowa.png 278w, https:\/\/www.alfakan.pl\/wp-content\/uploads\/2025\/09\/matura-nowa-223x300.png 223w\" sizes=\"auto, (max-width: 278px) 100vw, 278px\" \/><\/figure>\n<\/div>\n<\/div>\n<\/div>\n<\/div>\n\n\n\n<p>\u2705Podczas kursu:<\/p>\n\n\n\n<ul class=\"wp-block-list\">\n<li>om\u00f3wimy wszystkie epoki, lektury oraz wszelkie wymagania egzaminacyjne,<\/li>\n\n\n\n<li>po\u0107wiczymy pisanie prac argumentacyjnych oraz konstruowanie wypowiedzi ustnych,<\/li>\n\n\n\n<li>oswoimy konteksty, zagadnienia z j\u0119zyka,<\/li>\n\n\n\n<li>potrenujemy arkusze maturalne.<\/li>\n<\/ul>\n\n\n\n<p>Ka\u017cdy raz w miesi\u0105cu ma prawo do recenzji pracy pisemnej.<\/p>\n\n\n\n<p>\ud83d\udc49 Zapisz si\u0119 i przygotuj do matury bez stresu<br>\u2709\ufe0f formularz do zapis\u00f3w &#8211; <a href=\"https:\/\/forms.gle\/uRj9V3dL35STQoeM7\">LINK<\/a><\/p>\n\n\n\n<p><\/p>\n\n\n\n<p><\/p>\n","protected":false},"excerpt":{"rendered":"<p>Maturus &#8211; kurs przygotowuj\u0105cy do matury z j\u0119zyka polskiego, poziom podstawowy ONLINE\u2728\ud83d\udcda \ud83d\udd39 Start: 1 [&hellip;]<\/p>\n","protected":false},"author":1,"featured_media":0,"parent":0,"menu_order":0,"comment_status":"closed","ping_status":"closed","template":"","meta":{"footnotes":""},"class_list":["post-237","page","type-page","status-publish","hentry"],"_links":{"self":[{"href":"https:\/\/www.alfakan.pl\/index.php?rest_route=\/wp\/v2\/pages\/237","targetHints":{"allow":["GET"]}}],"collection":[{"href":"https:\/\/www.alfakan.pl\/index.php?rest_route=\/wp\/v2\/pages"}],"about":[{"href":"https:\/\/www.alfakan.pl\/index.php?rest_route=\/wp\/v2\/types\/page"}],"author":[{"embeddable":true,"href":"https:\/\/www.alfakan.pl\/index.php?rest_route=\/wp\/v2\/users\/1"}],"replies":[{"embeddable":true,"href":"https:\/\/www.alfakan.pl\/index.php?rest_route=%2Fwp%2Fv2%2Fcomments&post=237"}],"version-history":[{"count":5,"href":"https:\/\/www.alfakan.pl\/index.php?rest_route=\/wp\/v2\/pages\/237\/revisions"}],"predecessor-version":[{"id":248,"href":"https:\/\/www.alfakan.pl\/index.php?rest_route=\/wp\/v2\/pages\/237\/revisions\/248"}],"wp:attachment":[{"href":"https:\/\/www.alfakan.pl\/index.php?rest_route=%2Fwp%2Fv2%2Fmedia&parent=237"}],"curies":[{"name":"wp","href":"https:\/\/api.w.org\/{rel}","templated":true}]}}