{"id":181,"date":"2024-01-17T08:41:08","date_gmt":"2024-01-17T08:41:08","guid":{"rendered":"https:\/\/www.alfakan.pl\/?page_id=181"},"modified":"2024-01-17T08:44:04","modified_gmt":"2024-01-17T08:44:04","slug":"repetytorium-z-polskiego-dla-maturzystow-poziom-podstawowy","status":"publish","type":"page","link":"https:\/\/www.alfakan.pl\/?page_id=181","title":{"rendered":"Repetytorium z polskiego dla maturzyst\u00f3w Poziom podstawowy"},"content":{"rendered":"\n<p>Z repetytorium mo\u017cna korzysta\u0107 chronologicznie, epoka po epoce, ale mo\u017cna tak\u017ce si\u0119ga\u0107 do tych fragment\u00f3w,<br>kt\u00f3re maturzysta szczeg\u00f3lnie potrzebuje powt\u00f3rzy\u0107.<br><br><strong>Najpierw powinien zg\u0142\u0119bi\u0107 najwa\u017cniejsze informacje, dotycz\u0105ce charakterystyki epoki, czyli:<\/strong><br>\u2022\u00a0\u00a0\u00a0 poj\u0119cia wa\u017cne dla danego okresu literackiego,<br>\u2022\u00a0\u00a0\u00a0 informacje na temat lektur \u2013 to bardzo wa\u017cna cz\u0119\u015b\u0107 przygotowa\u0144, poniewa\u017c trzeba powt\u00f3rzy\u0107 tre\u015b\u0107 i problematyk\u0119 wszystkich lektur podanych w wymaganiach egzaminacyjnych. Dla u\u0142atwienia jest te\u017c zestawienie motyw\u00f3w \u2013 do wykorzystania przy wyborze tekst\u00f3w do wypracowania,<br>\u2022\u00a0\u00a0\u00a0 tabele kontekst\u00f3w \u2013 s\u0105 potrzebne zar\u00f3wno na egzaminie pisemnym, jak i ustnym. Autorki poda\u0142y propozycje wszelkich typ\u00f3w kontekst\u00f3w,<br>w tym odwo\u0142ania do kultury wsp\u00f3\u0142czesnej, bli\u017cszej przygotowuj\u0105cym si\u0119 do matury.<br><br>Na marginesach znajduj\u0105 si\u0119 najwa\u017cniejsze poj\u0119cia i has\u0142a z omawianego materia\u0142u, ale jest to miejsce na w\u0142asne notatki.<br>To pomaga w uczeniu si\u0119 i u\u0142atwia zapami\u0119tywanie. W ksi\u0105\u017cce znajduje si\u0119 sporo materia\u0142u ikonograficznego, kt\u00f3ry tak\u017ce u\u0142atwia zapami\u0119tywanie,<br>a dodatkowo mo\u017ce pos\u0142u\u017cy\u0107 jako kontekst.<br><br>Dopiero po opanowaniu teorii, korzystaj\u0105cy z repetytorium powinni przej\u015b\u0107 do praktyki, czyli samodzielnego wykonywania zada\u0144<br>(jest ich razem 246). Wi\u0119kszo\u015b\u0107 s\u0142u\u017cy powt\u00f3rzeniu zagadnie\u0144 historycznoliterackich oraz zwi\u0105zanych jest z lekturami.<br><strong>S\u0105 te\u017c zadania o nieco innym charakterze oznaczone specjalnymi ikonkami kszta\u0142c\u0105ce umiej\u0119tno\u015bci:<\/strong><br>\u2022\u00a0\u00a0\u00a0 pracy z tekstem, wyszukiwania informacji, nazywania \u015brodk\u00f3w j\u0119zykowych;<br>\u2022\u00a0\u00a0\u00a0 argumentowania, wnioskowania, stawiania tez, opiniowania, a wi\u0119c bardzo przydatne w pisaniu i m\u00f3wieniu;<br>\u2022\u00a0\u00a0\u00a0 istotne w trakcie matury ustnej.<br><br>Z praktycznego punktu widzenia wa\u017cnym elementem zada\u0144 s\u0105 obszerne cytaty \u2013 na wz\u00f3r arkuszy maturalnych.<br>Korzystaj\u0105cy ma podany tekst i polecenie, wi\u0119c nie musi si\u0119ga\u0107 do innych \u017ar\u00f3de\u0142, by dokona\u0107 analizy tekstu.<br>Chocia\u017c do niemal ka\u017cdego zadania podane s\u0105 pe\u0142ne odpowiedzi (albo przynajmniej szczeg\u00f3\u0142owe sugestie),<br>to najpierw ka\u017cdy powinien popracowa\u0107 samodzielnie korzystaj\u0105c ze wskaz\u00f3wek i podpowiedzi co do sposobu realizacji zadania.<br>Nast\u0119pnie zapisywa\u0107 w\u0142asne odpowiedzi (to wa\u017cne), a dopiero potem zagl\u0105da\u0107 do gotowych, ale \u2013 co niemniej istotne \u2013 pami\u0119taj\u0105c,<br>\u017ce to tylko propozycje. Oczywi\u015bcie je\u015bli pytanie dotyczy fakt\u00f3w, to odpowied\u017a jest jednoznaczna.\u00a0<br>Odpowiedzi zawieraj\u0105 spor\u0105 dawk\u0119 dodatkowych wiadomo\u015bci i s\u0105 opatrzone komentarzami.<br>Co jaki\u015b czas pojawia si\u0119 zestaw zada\u0144 na BIS. S\u0142u\u017cy on do szybkiego sprawdzenia powt\u00f3rzonej wcze\u015bniej partii materia\u0142u,<br>dzi\u0119ki czemu korzystaj\u0105cy z repetytorium dowiedz\u0105 si\u0119, czy jeszcze powinni do jakich\u015b zagadnie\u0144 powr\u00f3ci\u0107 czy ju\u017c mog\u0105 i\u015b\u0107 dalej.<\/p>\n\n\n\n<figure class=\"wp-block-image aligncenter size-full is-resized\"><img loading=\"lazy\" decoding=\"async\" width=\"720\" height=\"1000\" src=\"https:\/\/www.alfakan.pl\/wp-content\/uploads\/2024\/01\/repetytorium-z-polskiego-dla-maturzystow-poziom-podstawowy-.png\" alt=\"\" class=\"wp-image-179\" style=\"width:720px;height:auto\" srcset=\"https:\/\/www.alfakan.pl\/wp-content\/uploads\/2024\/01\/repetytorium-z-polskiego-dla-maturzystow-poziom-podstawowy-.png 720w, https:\/\/www.alfakan.pl\/wp-content\/uploads\/2024\/01\/repetytorium-z-polskiego-dla-maturzystow-poziom-podstawowy--216x300.png 216w\" sizes=\"auto, (max-width: 720px) 100vw, 720px\" \/><\/figure>\n","protected":false},"excerpt":{"rendered":"<p>Z repetytorium mo\u017cna korzysta\u0107 chronologicznie, epoka po epoce, ale mo\u017cna tak\u017ce si\u0119ga\u0107 do tych fragment\u00f3w,kt\u00f3re [&hellip;]<\/p>\n","protected":false},"author":1,"featured_media":0,"parent":0,"menu_order":0,"comment_status":"closed","ping_status":"closed","template":"","meta":{"footnotes":""},"class_list":["post-181","page","type-page","status-publish","hentry"],"_links":{"self":[{"href":"https:\/\/www.alfakan.pl\/index.php?rest_route=\/wp\/v2\/pages\/181","targetHints":{"allow":["GET"]}}],"collection":[{"href":"https:\/\/www.alfakan.pl\/index.php?rest_route=\/wp\/v2\/pages"}],"about":[{"href":"https:\/\/www.alfakan.pl\/index.php?rest_route=\/wp\/v2\/types\/page"}],"author":[{"embeddable":true,"href":"https:\/\/www.alfakan.pl\/index.php?rest_route=\/wp\/v2\/users\/1"}],"replies":[{"embeddable":true,"href":"https:\/\/www.alfakan.pl\/index.php?rest_route=%2Fwp%2Fv2%2Fcomments&post=181"}],"version-history":[{"count":3,"href":"https:\/\/www.alfakan.pl\/index.php?rest_route=\/wp\/v2\/pages\/181\/revisions"}],"predecessor-version":[{"id":187,"href":"https:\/\/www.alfakan.pl\/index.php?rest_route=\/wp\/v2\/pages\/181\/revisions\/187"}],"wp:attachment":[{"href":"https:\/\/www.alfakan.pl\/index.php?rest_route=%2Fwp%2Fv2%2Fmedia&parent=181"}],"curies":[{"name":"wp","href":"https:\/\/api.w.org\/{rel}","templated":true}]}}