{"id":172,"date":"2024-01-17T08:27:34","date_gmt":"2024-01-17T08:27:34","guid":{"rendered":"https:\/\/www.alfakan.pl\/?page_id=172"},"modified":"2024-01-17T08:43:57","modified_gmt":"2024-01-17T08:43:57","slug":"zadania-z-polskiego-dla-maturzystow","status":"publish","type":"page","link":"https:\/\/www.alfakan.pl\/?page_id=172","title":{"rendered":"Zadania z polskiego dla maturzyst\u00f3w"},"content":{"rendered":"\n<h2 class=\"wp-block-heading\">Poziom podstawowy<\/h2>\n\n\n\n<p>Autorski zestaw 624 zada\u0144 dotyczy&nbsp;<strong>WSZYSTKICH LEKTUR<\/strong>&nbsp;obowi\u0105zuj\u0105cych na egzaminie maturalnym (w zakresie podstawowym).<br>Wi\u0119kszo\u015b\u0107 polece\u0144 s\u0142u\u017cy powt\u00f3rzeniu zagadnie\u0144 historycznoliterackich i jest zwi\u0105zanych z utworami, kt\u00f3rych znajomo\u015bci\u0105 trzeba si\u0119 wykaza\u0107.<\/p>\n\n\n\n<p><strong>S\u0105 te\u017c zadania o innym charakterze oznaczone specjalnymi ikonkami kszta\u0142c\u0105ce umiej\u0119tno\u015bci:<\/strong><br>\u2022&nbsp;&nbsp;&nbsp; pracy z tekstem, wyszukiwania informacji, nazywania \u015brodk\u00f3w j\u0119zykowych;<br>\u2022&nbsp;&nbsp;&nbsp; argumentowania, wnioskowania, stawiania tez, opiniowania, a wi\u0119c bardzo przydatne w pisaniu i m\u00f3wieniu;<br>\u2022&nbsp;&nbsp;&nbsp; istotne w trakcie matury ustnej.<\/p>\n\n\n\n<p>Zadania s\u0105 u\u0142o\u017cone&nbsp;<strong>EPOKAMI LITERACKIMI<\/strong>, ale jako&nbsp; osobny dzia\u0142 wydzielono dodatkowo tw\u00f3rczo\u015b\u0107 Szekspira i Moliera,<br>co pomaga w zrozumieniu, \u017ce nie wszystko mo\u017cna zaszufladkowa\u0107. Z praktycznego punktu widzenia wa\u017cnym elementem<br>zada\u0144 s\u0105 obszerne cytaty \u2013 na wz\u00f3r arkuszy maturalnych. Korzystaj\u0105cy ma podany tekst i polecenie, wi\u0119c nie musi si\u0119ga\u0107<br>do innych \u017ar\u00f3de\u0142, by dokona\u0107 analizy tekstu.<\/p>\n\n\n\n<p><strong>INTERPRETACJA I ANALIZA UTWOR\u00d3W<\/strong>&nbsp;poetyckich i literackich, zw\u0142aszcza na tle epoki jest jedn\u0105 z najtrudniejszych umiej\u0119tno\u015bci,<br>kt\u00f3r\u0105 powinien si\u0119 wykaza\u0107 maturzysta. Zadania zwi\u0105zane z konkretnym utworem literackim sprawdzaj\u0105, m.in.: znajomo\u015b\u0107 fakt\u00f3w,<br>umiej\u0119tno\u015b\u0107 wskazania wiod\u0105cych i pobocznych postaci, ponadczasowych wzorc\u00f3w bohater\u00f3w, motyw\u00f3w i w\u0105tk\u00f3w przewijaj\u0105cych si\u0119 niezale\u017cnie od epoki,<br>rozumienie przes\u0142ania utworu, pos\u0142ugiwanie si\u0119 opiniami badaczy literackich na temat lektur.<\/p>\n\n\n\n<p>Maturzysta musi si\u0119 tak\u017ce wykaza\u0107 umiej\u0119tno\u015bci\u0105&nbsp;<strong>INTERPRETACJI TEKST\u00d3W KULTURY<\/strong>.<br>S\u0105 one bogato reprezentowane w zadaniach w postaci nie tylko obraz\u00f3w wielkich mistrz\u00f3w (o tematyce sakralnej i \u015bwieckiej),<br>lecz tak\u017ce plakat\u00f3w (np. teatralnych), ok\u0142adek (np. komiks\u00f3w), ilustracji do dzie\u0142 naszych klasyk\u00f3w, utwor\u00f3w fantasy<br>czy te\u017c satyrycznych dowcip\u00f3w graficznych, fotografii, rze\u017ab, element\u00f3w nagrobk\u00f3w.<br>W ten spos\u00f3b maturzysta \u2013 odnosz\u0105c si\u0119 do dzie\u0142 literackich i nieliterackich, do opinii badaczy, krytyk\u00f3w, filozof\u00f3w<br>\u2013 uczy si\u0119 my\u015blenia humanistycznego \u2013 traktowania kultury jako ca\u0142o\u015bci. Wiele zada\u0144 wymaga bowiem sformu\u0142owania odpowiedzi<br>podpartych w\u0142a\u015bciw\u0105 argumentacj\u0105, co jednocze\u015bnie \u0107wiczy&nbsp;<strong>TWORZENIE SAMODZIELNYCH WYPOWIEDZI PISEMNYCH.<\/strong><br>Polecenia odnosz\u0105 si\u0119 tak\u017ce do KONTEKST\u00d3W, kt\u00f3re s\u0105 podane na stronie Centralnej Komisji Egzaminacyjnej.<br>Co jaki\u015b czas w ksi\u0105\u017cce pojawia si\u0119 zestaw zada\u0144 na BIS, kt\u00f3ry s\u0142u\u017cy do szybkiego sprawdzenia<br>powt\u00f3rzonej wcze\u015bniej partii materia\u0142u, by uzmys\u0142owi\u0107 przygotowuj\u0105cemu si\u0119 maturzy\u015bcie czy powinien do jakich\u015b zagadnie\u0144 powr\u00f3ci\u0107.<\/p>\n\n\n\n<p>Do&nbsp;<strong>WSZYSTKICH ZADA\u0143<\/strong>&nbsp;s\u0105 podane pe\u0142ne&nbsp;<strong>ODPOWIEDZI<\/strong>.<br>Opr\u00f3cz samej odpowiedzi umieszczone zosta\u0142y tak\u017ce komentarze wyja\u015bniaj\u0105ce dlaczego tak w\u0142a\u015bnie zosta\u0142a sformu\u0142owana<br>oraz jakie elementy musi zawiera\u0107, by maturzysta uzyska\u0142 maksymaln\u0105 liczb\u0119 punkt\u00f3w na te\u015bcie maturalnym.<br>Nawet gdy pytania dotycz\u0105 w\u0142asnej opinii, autorski komentarz wskazuje co nale\u017cy wzi\u0105\u0107 pod uwag\u0119, by sformu\u0142owa\u0107 wypowied\u017a.<\/p>\n\n\n\n<figure class=\"wp-block-image aligncenter size-full is-resized\"><img loading=\"lazy\" decoding=\"async\" width=\"720\" height=\"1000\" src=\"https:\/\/www.alfakan.pl\/wp-content\/uploads\/2024\/01\/zadania-z-polskiego-matura-poziom-podstawowy.png\" alt=\"\" class=\"wp-image-170\" style=\"width:720px;height:auto\" srcset=\"https:\/\/www.alfakan.pl\/wp-content\/uploads\/2024\/01\/zadania-z-polskiego-matura-poziom-podstawowy.png 720w, https:\/\/www.alfakan.pl\/wp-content\/uploads\/2024\/01\/zadania-z-polskiego-matura-poziom-podstawowy-216x300.png 216w\" sizes=\"auto, (max-width: 720px) 100vw, 720px\" \/><\/figure>\n","protected":false},"excerpt":{"rendered":"<p>Poziom podstawowy Autorski zestaw 624 zada\u0144 dotyczy&nbsp;WSZYSTKICH LEKTUR&nbsp;obowi\u0105zuj\u0105cych na egzaminie maturalnym (w zakresie podstawowym).Wi\u0119kszo\u015b\u0107 polece\u0144 [&hellip;]<\/p>\n","protected":false},"author":1,"featured_media":0,"parent":0,"menu_order":0,"comment_status":"closed","ping_status":"closed","template":"","meta":{"footnotes":""},"class_list":["post-172","page","type-page","status-publish","hentry"],"_links":{"self":[{"href":"https:\/\/www.alfakan.pl\/index.php?rest_route=\/wp\/v2\/pages\/172","targetHints":{"allow":["GET"]}}],"collection":[{"href":"https:\/\/www.alfakan.pl\/index.php?rest_route=\/wp\/v2\/pages"}],"about":[{"href":"https:\/\/www.alfakan.pl\/index.php?rest_route=\/wp\/v2\/types\/page"}],"author":[{"embeddable":true,"href":"https:\/\/www.alfakan.pl\/index.php?rest_route=\/wp\/v2\/users\/1"}],"replies":[{"embeddable":true,"href":"https:\/\/www.alfakan.pl\/index.php?rest_route=%2Fwp%2Fv2%2Fcomments&post=172"}],"version-history":[{"count":4,"href":"https:\/\/www.alfakan.pl\/index.php?rest_route=\/wp\/v2\/pages\/172\/revisions"}],"predecessor-version":[{"id":186,"href":"https:\/\/www.alfakan.pl\/index.php?rest_route=\/wp\/v2\/pages\/172\/revisions\/186"}],"wp:attachment":[{"href":"https:\/\/www.alfakan.pl\/index.php?rest_route=%2Fwp%2Fv2%2Fmedia&parent=172"}],"curies":[{"name":"wp","href":"https:\/\/api.w.org\/{rel}","templated":true}]}}