{"id":160,"date":"2024-01-17T07:51:14","date_gmt":"2024-01-17T07:51:14","guid":{"rendered":"https:\/\/www.alfakan.pl\/?page_id=160"},"modified":"2025-09-07T23:51:03","modified_gmt":"2025-09-07T21:51:03","slug":"o-mnie","status":"publish","type":"page","link":"https:\/\/www.alfakan.pl\/?page_id=160","title":{"rendered":"O mnie"},"content":{"rendered":"\n<div class=\"wp-block-group is-nowrap is-layout-flex wp-container-core-group-is-layout-6c531013 wp-block-group-is-layout-flex\"><\/div>\n\n\n\n<p>Jestem polonistk\u0105 i pedago\u017ck\u0105 teatru, nauczycielk\u0105 dyplomowan\u0105 j\u0119zyka polskiego. Uko\u0144czy\u0142am Uniwersytet Jagiello\u0144ski oraz studia podyplomowe Pedagogika Teatru realizowane we wsp\u00f3\u0142pracy Uniwersytetu Warszawskiego i Instytutu Teatralnego. Od lat wsp\u00f3\u0142pracuj\u0119 z trzecim sektorem jako ekspertka ds. edukacji i kultury.<\/p>\n\n\n\n<p>Bywam koordynatork\u0105 projekt\u00f3w, gospodyni\u0105 r\u00f3\u017cnych program\u00f3w, tworz\u0119 materia\u0142y edukacyjne, opracowania dydaktyczne, scenariusze zaj\u0119\u0107, tak\u017ce w oparciu o metody pedagogiki teatru, m.in. dla Teatroteki Szkolnej. Prowadz\u0119 koncerty, gale, spotkania.<\/p>\n\n\n\n<p>Jestem autork\u0105 i wsp\u00f3\u0142autork\u0105 ksi\u0105\u017cek, jak np. Repetytorium maturalne z j\u0119zyka polskiego, Zadania do matury, Jak pisa\u0107 i m\u00f3wi\u0107? Sztuka argumentowania.<\/p>\n\n\n\n<p>Bywam te\u017c po drugiej stronie ksi\u0105\u017cki jako redaktorka i korektorka.<\/p>\n\n\n\n<p>Przygotowuj\u0119 i prowadz\u0119 lub wsp\u00f3\u0142prowadz\u0119 webinary, (m.in. dla wydawnictwa Demart, Instytutu Teatralnego), warsztaty, tak\u017ce&nbsp; dla szk\u00f3\u0142.<br>Jestem szcz\u0119\u015bliw\u0105 przyjaci\u00f3\u0142k\u0105 trzech kot\u00f3w i psa, pasjonatk\u0105 g\u00f3r, teatru, podr\u00f3\u017cy, ogrodnictwa i dobrej kuchni.<\/p>\n\n\n\n<div class=\"wp-block-group is-content-justification-center is-nowrap is-layout-flex wp-container-core-group-is-layout-23441af8 wp-block-group-is-layout-flex\">\n<p class=\"has-text-align-left has-normal-font-size wp-container-content-61715d93\"><\/p>\n<\/div>\n\n\n\n<div class=\"wp-block-group is-nowrap is-layout-flex wp-container-core-group-is-layout-6c531013 wp-block-group-is-layout-flex\"><\/div>\n","protected":false},"excerpt":{"rendered":"<p>Jestem polonistk\u0105 i pedago\u017ck\u0105 teatru, nauczycielk\u0105 dyplomowan\u0105 j\u0119zyka polskiego. Uko\u0144czy\u0142am Uniwersytet Jagiello\u0144ski oraz studia podyplomowe [&hellip;]<\/p>\n","protected":false},"author":1,"featured_media":0,"parent":0,"menu_order":0,"comment_status":"closed","ping_status":"closed","template":"","meta":{"footnotes":""},"class_list":["post-160","page","type-page","status-publish","hentry"],"_links":{"self":[{"href":"https:\/\/www.alfakan.pl\/index.php?rest_route=\/wp\/v2\/pages\/160","targetHints":{"allow":["GET"]}}],"collection":[{"href":"https:\/\/www.alfakan.pl\/index.php?rest_route=\/wp\/v2\/pages"}],"about":[{"href":"https:\/\/www.alfakan.pl\/index.php?rest_route=\/wp\/v2\/types\/page"}],"author":[{"embeddable":true,"href":"https:\/\/www.alfakan.pl\/index.php?rest_route=\/wp\/v2\/users\/1"}],"replies":[{"embeddable":true,"href":"https:\/\/www.alfakan.pl\/index.php?rest_route=%2Fwp%2Fv2%2Fcomments&post=160"}],"version-history":[{"count":9,"href":"https:\/\/www.alfakan.pl\/index.php?rest_route=\/wp\/v2\/pages\/160\/revisions"}],"predecessor-version":[{"id":263,"href":"https:\/\/www.alfakan.pl\/index.php?rest_route=\/wp\/v2\/pages\/160\/revisions\/263"}],"wp:attachment":[{"href":"https:\/\/www.alfakan.pl\/index.php?rest_route=%2Fwp%2Fv2%2Fmedia&parent=160"}],"curies":[{"name":"wp","href":"https:\/\/api.w.org\/{rel}","templated":true}]}}