{"id":133,"date":"2024-01-17T02:35:18","date_gmt":"2024-01-17T02:35:18","guid":{"rendered":"https:\/\/www.alfakan.pl\/?page_id=133"},"modified":"2024-01-17T09:39:37","modified_gmt":"2024-01-17T09:39:37","slug":"webinary-edukacyjne","status":"publish","type":"page","link":"https:\/\/www.alfakan.pl\/?page_id=133","title":{"rendered":"Webinary edukacyjne"},"content":{"rendered":"\n<p>I. <strong>Przygotowania do matury<\/strong><\/p>\n\n\n\n<ol class=\"wp-block-list\">\n<li><a href=\"https:\/\/www.youtube.com\/watch?v=di0q_aDP5EY\">Do matury z Demartem &#8211; j\u0119zyk polski || Webinar dla nauczycieli<\/a><\/li>\n\n\n\n<li><a href=\"https:\/\/www.youtube.com\/watch?v=nIbr9YTWYVU\">Do matury z Demartem &#8211; j\u0119zyk polski || Webinar dla uczni\u00f3w<\/a><\/li>\n\n\n\n<li><a href=\"https:\/\/www.youtube.com\/watch?v=h9Wx8oNU8Q0\">Do matury z Demartem \u2013 j\u0119zyk polski || Webinar 2. dla uczni\u00f3w \u2013 ARKUSZ 1<\/a><\/li>\n\n\n\n<li><a href=\"https:\/\/www.youtube.com\/watch?v=Pd3tjQgdtaE\">Do matury z Demartem \u2013 j\u0119zyk polski || Webinar 3. dla uczni\u00f3w \u2013 ARKUSZ 2<\/a><\/li>\n\n\n\n<li><a href=\"https:\/\/www.youtube.com\/watch?v=SnjomLosrQQ&amp;t=99s\">Do matury z Demartem \u2013 j\u0119zyk polski || Webinar 4. dla uczni\u00f3w \u2013 Matura ustna<\/a><\/li>\n<\/ol>\n\n\n\n<p>II. <strong>Teatroteka szkolna<\/strong><\/p>\n\n\n\n<ol class=\"wp-block-list\">\n<li><a href=\"https:\/\/www.youtube.com\/watch?v=cF28-Afq1Os\">Pedagogika teatru na lekcji &#8211; jak zacz\u0105\u0107 | Webinarium Teatroteki Szkolnej<\/a><\/li>\n\n\n\n<li><a href=\"https:\/\/www.youtube.com\/watch?v=DthlWrLC76k&amp;list=PLrQzJ-ljiN0jM8SDUaACriQvq1o5oDaQX&amp;index=4\">Czytanie przez dzia\u0142anie | Webinarium Teatroteki Szkolnej<\/a><\/li>\n\n\n\n<li><a href=\"https:\/\/www.facebook.com\/TeatrotekaSzkolna\/videos\/524423029032562\">Webinarium Teatroteki Szkolnej | Szkolne wyj\u015bcia do teatru \u2013 przekle\u0144stwo czy b\u0142ogos\u0142awie\u0144stwo?<\/a><\/li>\n\n\n\n<li><a href=\"https:\/\/www.facebook.com\/TeatrotekaSzkolna\/videos\/1373084060114227\">Webinarium Teatroteki Szkolnej \u2013 Argumentowanie przez&nbsp;dzia\u0142anie<\/a><\/li>\n\n\n\n<li><a href=\"https:\/\/www.facebook.com\/TeatrotekaSzkolna\/videos\/858582165513800\">Webinarium Teatroteki Szkolnej  \u2013 Lektury szkolne z teatralnym wsparciem<\/a><\/li>\n<\/ol>\n\n\n\n<p><\/p>\n","protected":false},"excerpt":{"rendered":"<p>I. Przygotowania do matury II. Teatroteka szkolna<\/p>\n","protected":false},"author":1,"featured_media":0,"parent":0,"menu_order":0,"comment_status":"closed","ping_status":"closed","template":"","meta":{"footnotes":""},"class_list":["post-133","page","type-page","status-publish","hentry"],"_links":{"self":[{"href":"https:\/\/www.alfakan.pl\/index.php?rest_route=\/wp\/v2\/pages\/133","targetHints":{"allow":["GET"]}}],"collection":[{"href":"https:\/\/www.alfakan.pl\/index.php?rest_route=\/wp\/v2\/pages"}],"about":[{"href":"https:\/\/www.alfakan.pl\/index.php?rest_route=\/wp\/v2\/types\/page"}],"author":[{"embeddable":true,"href":"https:\/\/www.alfakan.pl\/index.php?rest_route=\/wp\/v2\/users\/1"}],"replies":[{"embeddable":true,"href":"https:\/\/www.alfakan.pl\/index.php?rest_route=%2Fwp%2Fv2%2Fcomments&post=133"}],"version-history":[{"count":11,"href":"https:\/\/www.alfakan.pl\/index.php?rest_route=\/wp\/v2\/pages\/133\/revisions"}],"predecessor-version":[{"id":204,"href":"https:\/\/www.alfakan.pl\/index.php?rest_route=\/wp\/v2\/pages\/133\/revisions\/204"}],"wp:attachment":[{"href":"https:\/\/www.alfakan.pl\/index.php?rest_route=%2Fwp%2Fv2%2Fmedia&parent=133"}],"curies":[{"name":"wp","href":"https:\/\/api.w.org\/{rel}","templated":true}]}}