{"id":129,"date":"2024-01-17T02:29:33","date_gmt":"2024-01-17T02:29:33","guid":{"rendered":"https:\/\/www.alfakan.pl\/?page_id=129"},"modified":"2025-09-04T23:08:43","modified_gmt":"2025-09-04T23:08:43","slug":"korepetycje-i-kursy-maturalne","status":"publish","type":"page","link":"https:\/\/www.alfakan.pl\/?page_id=129","title":{"rendered":"Korepetycje i kursy maturalne"},"content":{"rendered":"\n<figure class=\"wp-block-image size-full\"><img loading=\"lazy\" decoding=\"async\" width=\"965\" height=\"191\" src=\"https:\/\/www.alfakan.pl\/wp-content\/uploads\/2025\/09\/maturus-logo-male.png\" alt=\"\" class=\"wp-image-240\" srcset=\"https:\/\/www.alfakan.pl\/wp-content\/uploads\/2025\/09\/maturus-logo-male.png 965w, https:\/\/www.alfakan.pl\/wp-content\/uploads\/2025\/09\/maturus-logo-male-300x59.png 300w, https:\/\/www.alfakan.pl\/wp-content\/uploads\/2025\/09\/maturus-logo-male-768x152.png 768w\" sizes=\"auto, (max-width: 965px) 100vw, 965px\" \/><\/figure>\n\n\n\n<p class=\"has-lite-red-color has-text-color has-link-color has-medium-font-size wp-elements-bd213eb7799239ab39b21eafa255d596\"><\/p>\n\n\n\n<p>Maturus to po \u0142acinie \u201edojrza\u0142y\u201d i tak kiedy\u015b nazywany by\u0142 egzamin maturalny \u2013 \u201eegzaminem dojrza\u0142o\u015bci\u201d. Dzi\u015b tak si\u0119 o nim ju\u017c nie m\u00f3wi, i dobrze \u2013 wszak nie wyniki czy \u015brednie ocen \u015bwiadcz\u0105 o dojrza\u0142o\u015bci cz\u0142owieka.<\/p>\n\n\n\n<p>Bycie dojrza\u0142ym to co\u015b wi\u0119cej: to pe\u0142ny rozw\u00f3j intelektualny, emocjonalny i spo\u0142eczny, kt\u00f3ry pozwala \u015bwiadomie kierowa\u0107 swoim \u017cyciem, podejmowa\u0107 odpowiedzialne decyzje i budowa\u0107 dobre relacje z innymi.<\/p>\n\n\n\n<p>Aby taki stan osi\u0105gn\u0105\u0107, warto si\u0119 uczy\u0107 \u2013 my\u015ble\u0107, pyta\u0107, sprawdza\u0107, podwa\u017ca\u0107, por\u00f3wnywa\u0107 i wyci\u0105ga\u0107 wnioski. Zaj\u0119cia j\u0119zyka polskiego nadaj\u0105 si\u0119 do tego idealnie.<\/p>\n\n\n\n<p>Co wsp\u00f3lnego maj\u0105 dojrza\u0142e jab\u0142ko i ucze\u0144 ostatniej klasy szko\u0142y \u015bredniej? \u2013 oboje s\u0105 maturus, czyli w\u0142a\u015bnie dojrzali. Owoc do tego, aby go zerwa\u0107, ucze\u0144 \u2013 aby przyst\u0105pi\u0107 do egzaminu maturalnego.<\/p>\n\n\n\n<p>Je\u015bli jeszcze nie czujesz si\u0119 maturus, zapraszam na zaj\u0119cia, podczas kt\u00f3rych:<br>\u2728 spojrzymy na epoki jako cz\u0119\u015b\u0107 naszej to\u017csamo\u015bci,<br>\u2728 podyskutujemy o lekturach i ich bohaterach, szukaj\u0105c odpowiedzi na og\u00f3lnoludzkie pytania,<br>\u2728 przyjrzymy si\u0119 j\u0119zykowi i jego mo\u017cliwo\u015bciom,<\/p>\n\n\n\n<p>\u2728poszukamy kontekst\u00f3w m.in. w literaturze, sztuce, historii,<br>\u2728 nauczymy si\u0119 wyra\u017ca\u0107 w\u0142asne my\u015bli i formu\u0142owa\u0107 argumenty.<\/p>\n\n\n\n<p>A wszystko to w atmosferze wsparcia i wzmacniania Twoich zasob\u00f3w. \ud83c\udf3f<\/p>\n","protected":false},"excerpt":{"rendered":"<p>Maturus to po \u0142acinie \u201edojrza\u0142y\u201d i tak kiedy\u015b nazywany by\u0142 egzamin maturalny \u2013 \u201eegzaminem dojrza\u0142o\u015bci\u201d. [&hellip;]<\/p>\n","protected":false},"author":1,"featured_media":0,"parent":0,"menu_order":0,"comment_status":"closed","ping_status":"closed","template":"","meta":{"footnotes":""},"class_list":["post-129","page","type-page","status-publish","hentry"],"_links":{"self":[{"href":"https:\/\/www.alfakan.pl\/index.php?rest_route=\/wp\/v2\/pages\/129","targetHints":{"allow":["GET"]}}],"collection":[{"href":"https:\/\/www.alfakan.pl\/index.php?rest_route=\/wp\/v2\/pages"}],"about":[{"href":"https:\/\/www.alfakan.pl\/index.php?rest_route=\/wp\/v2\/types\/page"}],"author":[{"embeddable":true,"href":"https:\/\/www.alfakan.pl\/index.php?rest_route=\/wp\/v2\/users\/1"}],"replies":[{"embeddable":true,"href":"https:\/\/www.alfakan.pl\/index.php?rest_route=%2Fwp%2Fv2%2Fcomments&post=129"}],"version-history":[{"count":11,"href":"https:\/\/www.alfakan.pl\/index.php?rest_route=\/wp\/v2\/pages\/129\/revisions"}],"predecessor-version":[{"id":253,"href":"https:\/\/www.alfakan.pl\/index.php?rest_route=\/wp\/v2\/pages\/129\/revisions\/253"}],"wp:attachment":[{"href":"https:\/\/www.alfakan.pl\/index.php?rest_route=%2Fwp%2Fv2%2Fmedia&parent=129"}],"curies":[{"name":"wp","href":"https:\/\/api.w.org\/{rel}","templated":true}]}}